{"id":447,"date":"2023-03-20T13:35:24","date_gmt":"2023-03-20T12:35:24","guid":{"rendered":"https:\/\/www.trauerkoffer.ch\/?page_id=447"},"modified":"2023-03-20T13:35:24","modified_gmt":"2023-03-20T12:35:24","slug":"impressum","status":"publish","type":"page","link":"https:\/\/www.trauerkoffer.ch\/index.php\/impressum\/","title":{"rendered":"Impressum"},"content":{"rendered":"<div class=\"fusion-fullwidth fullwidth-box fusion-builder-row-1 fusion-flex-container has-pattern-background has-mask-background nonhundred-percent-fullwidth non-hundred-percent-height-scrolling\" style=\"--awb-border-radius-top-left:0px;--awb-border-radius-top-right:0px;--awb-border-radius-bottom-right:0px;--awb-border-radius-bottom-left:0px;--awb-flex-wrap:wrap;\" ><div class=\"fusion-builder-row fusion-row fusion-flex-align-items-flex-start fusion-flex-content-wrap\" style=\"max-width:1248px;margin-left: calc(-4% \/ 2 );margin-right: calc(-4% \/ 2 );\"><div class=\"fusion-layout-column fusion_builder_column fusion-builder-column-0 fusion_builder_column_1_1 1_1 fusion-flex-column\" style=\"--awb-bg-size:cover;--awb-width-large:100%;--awb-margin-top-large:0px;--awb-spacing-right-large:1.92%;--awb-margin-bottom-large:20px;--awb-spacing-left-large:1.92%;--awb-width-medium:100%;--awb-order-medium:0;--awb-spacing-right-medium:1.92%;--awb-spacing-left-medium:1.92%;--awb-width-small:100%;--awb-order-small:0;--awb-spacing-right-small:1.92%;--awb-spacing-left-small:1.92%;\"><div class=\"fusion-column-wrapper fusion-column-has-shadow fusion-flex-justify-content-flex-start fusion-content-layout-column\"><div class=\"fusion-text fusion-text-1\"><h2>Impressum<\/h2>\n<h6>Eigent\u00fcmer<\/h6>\n<p>Trauerkoffer<br \/>\nChristine F\u00e4ssler-Kamm<br \/>\nChappelihof 26<br \/>\nCH-8863 Buttikon<br \/>\n<a href=\"mailto:info@trauerkoffer.ch\" target=\"_blank\" rel=\"noopener\">info@trauerkoffer.ch<\/a><\/p>\n<h6>Webdesign<\/h6>\n<p><a href=\"http:\/\/www.grafikvogel.ch\/\" target=\"_blank\" rel=\"noopener\">GRAFIKVOGEL.CH<\/a><br \/>\nAndrea Vogel-K\u00fchni<br \/>\nObere Allmeind 12<br \/>\nCH-8864 Reichenburg<br \/>\nT +41 79 664 36 84<br \/>\n<a href=\"mailto:info@grafikvogel.ch\" target=\"_blank\" rel=\"noopener\">info@grafikvogel.ch<\/a><\/p>\n<h6>Bilder<\/h6>\n<p>Die Bilder auf dieser Webseite sind Eigentum von Trauerkoffer und d\u00fcrfen ohne Genehmigung von Christine F\u00e4ssler-Kamm nicht verwendet werden.<\/p>\n<h6>Haftungsausschluss<\/h6>\n<p>Der Webseitenbetreiber \u00fcbernimmt keine Gew\u00e4hr bez\u00fcglich der inhaltlichen Korrektheit, Aktualit\u00e4t, Vollst\u00e4ndigkeit oder Zuverl\u00e4ssigkeit der ver\u00f6ffentlichten Informationen. Haftungsanspr\u00fcche gegen den Webseitenbetreiber wegen materieller oder immaterieller Sch\u00e4den jeglicher Art, welche aus dem Besuch, der Nutzung oder auch Nichtnutzung der zur Verf\u00fcgung gestellten Daten, durch einen falschen Gebrauch der Internetverbindung oder durch eventuelle technische Fehler entstanden sind, werden ausgeschlossen.<\/p>\n<h6>Haftung f\u00fcr Links<\/h6>\n<p>Links auf Webseiten von Drittanbietern, sowie Verweise darauf, liegen ausserhalb des Verantwortungsbereichs des Webseitenbetreibers. Jegliche Verantwortung f\u00fcr die Inhalte dieser Webseiten wird abgelehnt. Wer auf Webseiten von Drittanbietern zugreift, diese besucht oder nutzt, tut dies auf eigene Gefahr.<\/p>\n<h6>Urheberrecht<\/h6>\n<p>Das Urheberrecht sowie alle anderen Rechte an Texten, Bildern, Fotos oder Dateien auf der Webseite geh\u00f6ren ausschliesslich dem Webseitenbetreiber. Die Reproduktion von Elementen bedarf der schriftlichen Zustimmung des Urheberrechtstr\u00e4gers.<\/p>\n<p>M\u00e4rz 2023<\/p>\n<\/div><\/div><\/div><\/div><\/div>\n","protected":false},"excerpt":{"rendered":"","protected":false},"author":1,"featured_media":0,"parent":0,"menu_order":0,"comment_status":"closed","ping_status":"closed","template":"100-width.php","meta":{"footnotes":""},"class_list":["post-447","page","type-page","status-publish","hentry"],"_links":{"self":[{"href":"https:\/\/www.trauerkoffer.ch\/index.php\/wp-json\/wp\/v2\/pages\/447","targetHints":{"allow":["GET"]}}],"collection":[{"href":"https:\/\/www.trauerkoffer.ch\/index.php\/wp-json\/wp\/v2\/pages"}],"about":[{"href":"https:\/\/www.trauerkoffer.ch\/index.php\/wp-json\/wp\/v2\/types\/page"}],"author":[{"embeddable":true,"href":"https:\/\/www.trauerkoffer.ch\/index.php\/wp-json\/wp\/v2\/users\/1"}],"replies":[{"embeddable":true,"href":"https:\/\/www.trauerkoffer.ch\/index.php\/wp-json\/wp\/v2\/comments?post=447"}],"version-history":[{"count":2,"href":"https:\/\/www.trauerkoffer.ch\/index.php\/wp-json\/wp\/v2\/pages\/447\/revisions"}],"predecessor-version":[{"id":449,"href":"https:\/\/www.trauerkoffer.ch\/index.php\/wp-json\/wp\/v2\/pages\/447\/revisions\/449"}],"wp:attachment":[{"href":"https:\/\/www.trauerkoffer.ch\/index.php\/wp-json\/wp\/v2\/media?parent=447"}],"curies":[{"name":"wp","href":"https:\/\/api.w.org\/{rel}","templated":true}]}}