{"id":169,"date":"2023-02-17T14:26:36","date_gmt":"2023-02-17T13:26:36","guid":{"rendered":"https:\/\/www.trauerkoffer.ch\/?page_id=169"},"modified":"2023-03-16T13:23:51","modified_gmt":"2023-03-16T12:23:51","slug":"ueber-mich","status":"publish","type":"page","link":"https:\/\/www.trauerkoffer.ch\/index.php\/ueber-mich\/","title":{"rendered":"\u00fcber mich"},"content":{"rendered":"<p><div class=\"fusion-fullwidth fullwidth-box fusion-builder-row-1 fusion-flex-container has-pattern-background has-mask-background fusion-parallax-none nonhundred-percent-fullwidth non-hundred-percent-height-scrolling fusion-no-small-visibility\" style=\"--awb-border-radius-top-left:0px;--awb-border-radius-top-right:0px;--awb-border-radius-bottom-right:0px;--awb-border-radius-bottom-left:0px;--awb-margin-top:-60px;--awb-min-height:560px;--awb-background-image:url(&quot;https:\/\/www.trauerkoffer.ch\/wp-content\/uploads\/2023\/03\/uebermich_Header_def-scaled.jpg&quot;);--awb-background-size:cover;--awb-flex-wrap:wrap;\" ><div class=\"fusion-builder-row fusion-row fusion-flex-align-items-flex-start fusion-flex-content-wrap\" style=\"max-width:1248px;margin-left: calc(-4% \/ 2 );margin-right: calc(-4% \/ 2 );\"><div class=\"fusion-layout-column fusion_builder_column fusion-builder-column-0 fusion_builder_column_1_1 1_1 fusion-flex-column fusion-flex-align-self-flex-start\" style=\"--awb-bg-size:cover;--awb-width-large:100%;--awb-margin-top-large:175px;--awb-spacing-right-large:1.92%;--awb-margin-bottom-large:20px;--awb-spacing-left-large:1.92%;--awb-width-medium:100%;--awb-order-medium:0;--awb-spacing-right-medium:1.92%;--awb-spacing-left-medium:1.92%;--awb-width-small:100%;--awb-order-small:0;--awb-spacing-right-small:1.92%;--awb-spacing-left-small:1.92%;\"><div class=\"fusion-column-wrapper fusion-column-has-shadow fusion-flex-justify-content-center fusion-content-layout-column\"><div class=\"fusion-title title fusion-title-1 fusion-sep-none fusion-title-text fusion-title-size-two\" style=\"--awb-text-color:var(--awb-color6);--awb-margin-top-small:10px;--awb-margin-right-small:0px;--awb-margin-bottom-small:10px;--awb-margin-left-small:0px;\"><h2 class=\"fusion-title-heading title-heading-left\" style=\"margin:0;\"><p>Wir sind niemals am Ziel,<br \/>\nsondern immer auf dem Weg.<\/p><\/h2><\/div><div class=\"fusion-title title fusion-title-2 fusion-sep-none fusion-title-text fusion-title-size-four\" style=\"--awb-text-color:var(--awb-color5);--awb-margin-top-small:10px;--awb-margin-right-small:0px;--awb-margin-bottom-small:10px;--awb-margin-left-small:0px;\"><h4 class=\"fusion-title-heading title-heading-left\" style=\"margin:0;\">Christine F\u00e4ssler-Kamm<\/h4><\/div><\/div><\/div><\/div><\/div><div class=\"fusion-fullwidth fullwidth-box fusion-builder-row-2 fusion-flex-container has-pattern-background has-mask-background fusion-parallax-none nonhundred-percent-fullwidth non-hundred-percent-height-scrolling fusion-no-small-visibility\" style=\"--awb-border-radius-top-left:0px;--awb-border-radius-top-right:0px;--awb-border-radius-bottom-right:0px;--awb-border-radius-bottom-left:0px;--awb-margin-top:-375px;--awb-margin-bottom:-280px;--awb-min-height:730px;--awb-background-image:url(&quot;https:\/\/www.trauerkoffer.ch\/wp-content\/uploads\/2023\/03\/Kreis.png&quot;);--awb-background-size:cover;--awb-flex-wrap:wrap;\" ><div class=\"fusion-builder-row fusion-row fusion-flex-align-items-flex-start fusion-flex-content-wrap\" style=\"max-width:1248px;margin-left: calc(-4% \/ 2 );margin-right: calc(-4% \/ 2 );\"><div class=\"fusion-layout-column fusion_builder_column fusion-builder-column-1 fusion_builder_column_1_1 1_1 fusion-flex-column fusion-flex-align-self-flex-start\" style=\"--awb-bg-size:cover;--awb-width-large:100%;--awb-margin-top-large:175px;--awb-spacing-right-large:1.92%;--awb-margin-bottom-large:20px;--awb-spacing-left-large:1.92%;--awb-width-medium:100%;--awb-order-medium:0;--awb-spacing-right-medium:1.92%;--awb-spacing-left-medium:1.92%;--awb-width-small:100%;--awb-order-small:0;--awb-spacing-right-small:1.92%;--awb-spacing-left-small:1.92%;\"><div class=\"fusion-column-wrapper fusion-column-has-shadow fusion-flex-justify-content-center fusion-content-layout-column\"><\/div><\/div><\/div><\/div>\n<div class=\"fusion-fullwidth fullwidth-box fusion-builder-row-3 fusion-flex-container has-pattern-background has-mask-background fusion-parallax-none hundred-percent-fullwidth non-hundred-percent-height-scrolling fusion-no-medium-visibility fusion-no-large-visibility\" style=\"--awb-border-radius-top-left:0px;--awb-border-radius-top-right:0px;--awb-border-radius-bottom-right:0px;--awb-border-radius-bottom-left:0px;--awb-margin-top:-100px;--awb-min-height:300px;--awb-background-image:url(&quot;https:\/\/www.trauerkoffer.ch\/wp-content\/uploads\/2023\/03\/uebermich_Header_mobile_def.jpg&quot;);--awb-background-size:cover;--awb-flex-wrap:wrap;\" ><div class=\"fusion-builder-row fusion-row fusion-flex-align-items-flex-start fusion-flex-content-wrap\" style=\"width:104% !important;max-width:104% !important;margin-left: calc(-4% \/ 2 );margin-right: calc(-4% \/ 2 );\"><div class=\"fusion-layout-column fusion_builder_column fusion-builder-column-2 fusion_builder_column_1_1 1_1 fusion-flex-column\" style=\"--awb-bg-size:cover;--awb-width-large:100%;--awb-margin-top-large:0px;--awb-spacing-right-large:1.92%;--awb-margin-bottom-large:20px;--awb-spacing-left-large:1.92%;--awb-width-medium:100%;--awb-order-medium:0;--awb-spacing-right-medium:1.92%;--awb-spacing-left-medium:1.92%;--awb-width-small:100%;--awb-order-small:0;--awb-spacing-right-small:1.92%;--awb-spacing-left-small:1.92%;\"><div class=\"fusion-column-wrapper fusion-column-has-shadow fusion-flex-justify-content-flex-start fusion-content-layout-column\"><\/div><\/div><\/div><\/div><div class=\"fusion-fullwidth fullwidth-box fusion-builder-row-4 fusion-flex-container has-pattern-background has-mask-background fusion-parallax-none hundred-percent-fullwidth non-hundred-percent-height-scrolling fusion-no-medium-visibility fusion-no-large-visibility\" style=\"--awb-border-radius-top-left:0px;--awb-border-radius-top-right:0px;--awb-border-radius-bottom-right:0px;--awb-border-radius-bottom-left:0px;--awb-margin-top:-170px;--awb-min-height:225px;--awb-background-image:url(&quot;https:\/\/www.trauerkoffer.ch\/wp-content\/uploads\/2023\/03\/Kreis_mobile.png&quot;);--awb-background-size:cover;--awb-flex-wrap:wrap;\" ><div class=\"fusion-builder-row fusion-row fusion-flex-align-items-flex-start fusion-flex-content-wrap\" style=\"width:104% !important;max-width:104% !important;margin-left: calc(-4% \/ 2 );margin-right: calc(-4% \/ 2 );\"><div class=\"fusion-layout-column fusion_builder_column fusion-builder-column-3 fusion_builder_column_1_1 1_1 fusion-flex-column\" style=\"--awb-bg-size:cover;--awb-width-large:100%;--awb-margin-top-large:0px;--awb-spacing-right-large:1.92%;--awb-margin-bottom-large:20px;--awb-spacing-left-large:1.92%;--awb-width-medium:100%;--awb-order-medium:0;--awb-spacing-right-medium:1.92%;--awb-spacing-left-medium:1.92%;--awb-width-small:100%;--awb-order-small:0;--awb-spacing-right-small:1.92%;--awb-spacing-left-small:1.92%;\"><div class=\"fusion-column-wrapper fusion-column-has-shadow fusion-flex-justify-content-flex-start fusion-content-layout-column\"><\/div><\/div><\/div><\/div>\n<div class=\"fusion-fullwidth fullwidth-box fusion-builder-row-5 fusion-flex-container has-pattern-background has-mask-background nonhundred-percent-fullwidth non-hundred-percent-height-scrolling fusion-no-medium-visibility fusion-no-large-visibility\" style=\"--awb-border-radius-top-left:0px;--awb-border-radius-top-right:0px;--awb-border-radius-bottom-right:0px;--awb-border-radius-bottom-left:0px;--awb-margin-top:-180px;--awb-flex-wrap:wrap;\" ><div class=\"fusion-builder-row fusion-row fusion-flex-align-items-flex-start fusion-flex-content-wrap\" style=\"max-width:1248px;margin-left: calc(-4% \/ 2 );margin-right: calc(-4% \/ 2 );\"><div class=\"fusion-layout-column fusion_builder_column fusion-builder-column-4 fusion_builder_column_1_1 1_1 fusion-flex-column fusion-flex-align-self-flex-start\" style=\"--awb-bg-size:cover;--awb-width-large:100%;--awb-margin-top-large:175px;--awb-spacing-right-large:1.92%;--awb-margin-bottom-large:20px;--awb-spacing-left-large:1.92%;--awb-width-medium:100%;--awb-order-medium:0;--awb-spacing-right-medium:1.92%;--awb-spacing-left-medium:1.92%;--awb-width-small:100%;--awb-order-small:0;--awb-spacing-right-small:1.92%;--awb-spacing-left-small:1.92%;\"><div class=\"fusion-column-wrapper fusion-column-has-shadow fusion-flex-justify-content-center fusion-content-layout-column\"><div class=\"fusion-title title fusion-title-3 fusion-sep-none fusion-title-text fusion-title-size-three\" style=\"--awb-text-color:var(--awb-color6);--awb-margin-top-small:10px;--awb-margin-right-small:0px;--awb-margin-bottom-small:10px;--awb-margin-left-small:0px;\"><h3 class=\"fusion-title-heading title-heading-left\" style=\"margin:0;\">Wir sind niemals am Ziel,\u00a0sondern immer auf dem Weg.<\/h3><\/div><div class=\"fusion-title title fusion-title-4 fusion-sep-none fusion-title-text fusion-title-size-four\" style=\"--awb-text-color:var(--awb-color5);--awb-margin-top-small:10px;--awb-margin-right-small:0px;--awb-margin-bottom-small:10px;--awb-margin-left-small:0px;\"><h4 class=\"fusion-title-heading title-heading-left\" style=\"margin:0;\">Christine F\u00e4ssler-Kamm<\/h4><\/div><\/div><\/div><\/div><\/div><div class=\"fusion-fullwidth fullwidth-box fusion-builder-row-6 fusion-flex-container has-pattern-background has-mask-background nonhundred-percent-fullwidth non-hundred-percent-height-scrolling\" style=\"--awb-border-radius-top-left:0px;--awb-border-radius-top-right:0px;--awb-border-radius-bottom-right:0px;--awb-border-radius-bottom-left:0px;--awb-flex-wrap:wrap;\" ><div class=\"fusion-builder-row fusion-row fusion-flex-align-items-flex-end fusion-flex-content-wrap\" style=\"max-width:1248px;margin-left: calc(-4% \/ 2 );margin-right: calc(-4% \/ 2 );\"><div class=\"fusion-layout-column fusion_builder_column fusion-builder-column-5 fusion_builder_column_2_3 2_3 fusion-flex-column\" style=\"--awb-bg-size:cover;--awb-width-large:66.666666666667%;--awb-margin-top-large:0px;--awb-spacing-right-large:2.88%;--awb-margin-bottom-large:20px;--awb-spacing-left-large:2.88%;--awb-width-medium:66.666666666667%;--awb-order-medium:0;--awb-spacing-right-medium:2.88%;--awb-spacing-left-medium:2.88%;--awb-width-small:100%;--awb-order-small:0;--awb-spacing-right-small:1.92%;--awb-spacing-left-small:1.92%;\"><div class=\"fusion-column-wrapper fusion-column-has-shadow fusion-flex-justify-content-flex-start fusion-content-layout-column\"><div class=\"fusion-title title fusion-title-5 fusion-sep-none fusion-title-text fusion-title-size-four\" style=\"--awb-text-color:var(--awb-color5);--awb-margin-top-small:10px;--awb-margin-right-small:0px;--awb-margin-bottom-small:10px;--awb-margin-left-small:0px;\"><h4 class=\"fusion-title-heading title-heading-left\" style=\"margin:0;\"><div><b>\u2026 und meine Trauer innerhalb der Familie<\/b><\/div><\/h4><\/div><div class=\"fusion-text fusion-text-1\" style=\"--awb-font-size:18px;\"><p>Ich bin Christine F\u00e4ssler, geboren 1970 und aufgewachsen mit drei Geschwistern als Bauerntochter im Z\u00fcrcher Oberland, unterhalb des Bachtels.\u00a0Ich bin verheiratet und Mutter von zwei wunderbaren, erwachsenen S\u00f6hnen. Ich wohne mit meiner Familie in Buttikon SZ.<\/p>\n<p>Schon vor dem Erlernen des Hebammen-Berufes von 1990 bis 1993 in Luzern bin ich mit Geburt und Tod in Ber\u00fchrung gekommen.\u00a0Mein Elternhaus war gross, ein Generationenhaus, die Grosseltern wohnten auch da. Beide sind in meiner Jugendzeit gestorben. Ich habe gesehen, was Tod und Trauer bedeutet.\u00a0Als ich schon ausgezogen war, erkrankte meine Schwester. Niemand ahnte, dass diese Krankheit einen schnellen Verlauf nahm. Sie starb wenige Wochen nach der Diagnose als 19-j\u00e4hrige, junge Frau.<\/p>\n<p>Meine Eltern, meine Geschwister und ich haben unterschiedlich getrauert. Wir alle waren geschockt und mit unserem Leben ganz unterschiedlich gefordert. Verstehen, trauern, begreifen, f\u00fcreinander dasein, zuh\u00f6ren \u2013 aber auch organisieren m\u00fcssen, das war unglaublich viel. Im Nachhinein h\u00e4tte es gut getan, es w\u00e4re jemand da gewesen, der uns Schritte erkl\u00e4rt, uns die Zeit einr\u00e4umt, Ideen bringt. Wir machten einfach, auch wenn wir einiges schon wussten, wie wir es machen wollten, wir w\u00fcrden es heute anders tun.<\/p>\n<\/div><\/div><\/div><div class=\"fusion-layout-column fusion_builder_column fusion-builder-column-6 fusion-flex-column\" style=\"--awb-bg-size:cover;--awb-width-large:5%;--awb-margin-top-large:0px;--awb-spacing-right-large:38.4%;--awb-margin-bottom-large:20px;--awb-spacing-left-large:38.4%;--awb-width-medium:5%;--awb-order-medium:0;--awb-spacing-right-medium:38.4%;--awb-spacing-left-medium:38.4%;--awb-width-small:100%;--awb-order-small:0;--awb-spacing-right-small:1.92%;--awb-spacing-left-small:1.92%;\"><div class=\"fusion-column-wrapper fusion-column-has-shadow fusion-flex-justify-content-flex-start fusion-content-layout-column\"><\/div><\/div><div class=\"fusion-layout-column fusion_builder_column fusion-builder-column-7 fusion-flex-column\" style=\"--awb-bg-size:cover;--awb-width-large:22%;--awb-margin-top-large:0px;--awb-spacing-right-large:8.7272727272727%;--awb-margin-bottom-large:20px;--awb-spacing-left-large:8.7272727272727%;--awb-width-medium:22%;--awb-order-medium:0;--awb-spacing-right-medium:8.7272727272727%;--awb-spacing-left-medium:8.7272727272727%;--awb-width-small:100%;--awb-order-small:0;--awb-spacing-right-small:1.92%;--awb-spacing-left-small:1.92%;\"><div class=\"fusion-column-wrapper fusion-column-has-shadow fusion-flex-justify-content-flex-start fusion-content-layout-column\"><div class=\"fusion-image-element \" style=\"--awb-margin-bottom:25px;--awb-caption-title-font-family:var(--h2_typography-font-family);--awb-caption-title-font-weight:var(--h2_typography-font-weight);--awb-caption-title-font-style:var(--h2_typography-font-style);--awb-caption-title-size:var(--h2_typography-font-size);--awb-caption-title-transform:var(--h2_typography-text-transform);--awb-caption-title-line-height:var(--h2_typography-line-height);--awb-caption-title-letter-spacing:var(--h2_typography-letter-spacing);\"><span class=\" fusion-imageframe imageframe-none imageframe-1 hover-type-none\"><img decoding=\"async\" width=\"785\" height=\"934\" title=\"d79419e1-5cbb-4413-8bd7-d0cb716ec241\" src=\"https:\/\/www.trauerkoffer.ch\/wp-content\/uploads\/2023\/02\/d79419e1-5cbb-4413-8bd7-d0cb716ec241.jpg\" alt class=\"img-responsive wp-image-240\" srcset=\"https:\/\/www.trauerkoffer.ch\/wp-content\/uploads\/2023\/02\/d79419e1-5cbb-4413-8bd7-d0cb716ec241-200x238.jpg 200w, https:\/\/www.trauerkoffer.ch\/wp-content\/uploads\/2023\/02\/d79419e1-5cbb-4413-8bd7-d0cb716ec241-400x476.jpg 400w, https:\/\/www.trauerkoffer.ch\/wp-content\/uploads\/2023\/02\/d79419e1-5cbb-4413-8bd7-d0cb716ec241-600x714.jpg 600w, https:\/\/www.trauerkoffer.ch\/wp-content\/uploads\/2023\/02\/d79419e1-5cbb-4413-8bd7-d0cb716ec241.jpg 785w\" sizes=\"(max-width: 640px) 100vw, 400px\" \/><\/span><\/div><\/div><\/div><\/div><\/div><div class=\"fusion-fullwidth fullwidth-box fusion-builder-row-7 fusion-flex-container has-pattern-background has-mask-background nonhundred-percent-fullwidth non-hundred-percent-height-scrolling\" style=\"--awb-border-radius-top-left:0px;--awb-border-radius-top-right:0px;--awb-border-radius-bottom-right:0px;--awb-border-radius-bottom-left:0px;--awb-flex-wrap:wrap;\" ><div class=\"fusion-builder-row fusion-row fusion-flex-align-items-flex-start fusion-flex-content-wrap\" style=\"max-width:1248px;margin-left: calc(-4% \/ 2 );margin-right: calc(-4% \/ 2 );\"><div class=\"fusion-layout-column fusion_builder_column fusion-builder-column-8 fusion_builder_column_2_3 2_3 fusion-flex-column\" style=\"--awb-bg-size:cover;--awb-width-large:66.666666666667%;--awb-margin-top-large:0px;--awb-spacing-right-large:2.88%;--awb-margin-bottom-large:20px;--awb-spacing-left-large:2.88%;--awb-width-medium:66.666666666667%;--awb-order-medium:0;--awb-spacing-right-medium:2.88%;--awb-spacing-left-medium:2.88%;--awb-width-small:100%;--awb-order-small:0;--awb-spacing-right-small:1.92%;--awb-spacing-left-small:1.92%;\"><div class=\"fusion-column-wrapper fusion-column-has-shadow fusion-flex-justify-content-flex-start fusion-content-layout-column\"><div class=\"fusion-title title fusion-title-6 fusion-sep-none fusion-title-text fusion-title-size-four\" style=\"--awb-text-color:var(--awb-color5);--awb-margin-top-small:10px;--awb-margin-right-small:0px;--awb-margin-bottom-small:10px;--awb-margin-left-small:0px;\"><h4 class=\"fusion-title-heading title-heading-left\" style=\"margin:0;\"><b><b>\u2026\u00a0<\/b><\/b><b>und die Trauer in meinem Beruf<\/b><\/h4><\/div><div class=\"fusion-text fusion-text-2\" style=\"--awb-font-size:18px;\"><p>Es entsteht Leben. Ich bin als Hebamme t\u00e4glich davon ber\u00fchrt. Es gibt aber auch den Tod in der Zeit der Schwangerschaft, Geburt und in der ersten Zeit danach. Damit bin ich auch konfrontiert. Das Thema der Trauer ist dann im Fokus. Es gab Ereignisse in meinem Hebammen-Dasein, die mich ganz, ganz nah sein liessen und mir zeigten, dass ich gerade dann begleiten m\u00f6chte, wenn der Weg so schwer ist. Eltern eine neue Hoffnung auf ein Weiterdenken und Weiterhandeln nach einem Verlust zu vermitteln ist mir genauso wichtig wie Eltern in der freudigen Zeit nach einer Geburt zu begleiten.<\/p>\n<\/div><\/div><\/div><div class=\"fusion-layout-column fusion_builder_column fusion-builder-column-9 fusion_builder_column_2_3 2_3 fusion-flex-column\" style=\"--awb-bg-size:cover;--awb-width-large:66.666666666667%;--awb-margin-top-large:0px;--awb-spacing-right-large:2.88%;--awb-margin-bottom-large:20px;--awb-spacing-left-large:2.88%;--awb-width-medium:66.666666666667%;--awb-order-medium:0;--awb-spacing-right-medium:2.88%;--awb-spacing-left-medium:2.88%;--awb-width-small:100%;--awb-order-small:0;--awb-spacing-right-small:1.92%;--awb-spacing-left-small:1.92%;\"><div class=\"fusion-column-wrapper fusion-column-has-shadow fusion-flex-justify-content-flex-start fusion-content-layout-column\"><div class=\"fusion-title title fusion-title-7 fusion-sep-none fusion-title-text fusion-title-size-four\" style=\"--awb-text-color:var(--awb-color5);--awb-margin-top-small:10px;--awb-margin-right-small:0px;--awb-margin-bottom-small:10px;--awb-margin-left-small:0px;\"><h4 class=\"fusion-title-heading title-heading-left\" style=\"margin:0;\"><b>Meine Ausbildungen<\/b><\/h4><\/div><div class=\"fusion-text fusion-text-3\" style=\"--awb-font-size:18px;--awb-margin-top:-10px;\"><ul>\n<li>zertifizierte Trauerbegleiterin und Mitgliedschaft bei FKT Ost, Fachstelle f\u00fcr Krisen und Trauerbegleitung (Ausbildung bei Domenica Meier Durisch in Chur)<\/li>\n<li>diverse Weiterbildungen und Mitgliedschaft bei Kindsverlust.ch<\/li>\n<li>Weiterbildung \u00abRituale gestalten bei Abschied und Trauer\u00bb<\/li>\n<li>Selbstf\u00fcrsorge f\u00fcr Fachpersonen in der Trauerbegleitung<\/li>\n<li>Selbststudium diverser Literatur \u00fcber Trauer, Tod usw.<\/li>\n<li>Diplom als Hebamme, Mitgliedschaft beim Schweizerischen Hebammenverband SHV<\/li>\n<li>zertifizierte Hypnose in Geburtsvorbereitung und Geburtsverarbeitung<\/li>\n<li>Mitglied vom Rotkreuzdienst RKD<\/li>\n<\/ul>\n<\/div><\/div><\/div><\/div><\/div><div class=\"fusion-fullwidth fullwidth-box fusion-builder-row-8 fusion-flex-container has-pattern-background has-mask-background nonhundred-percent-fullwidth non-hundred-percent-height-scrolling\" style=\"--awb-border-radius-top-left:0px;--awb-border-radius-top-right:0px;--awb-border-radius-bottom-right:0px;--awb-border-radius-bottom-left:0px;--awb-margin-top:40px;--awb-margin-bottom:-60px;--awb-background-color:#e8ebe2;--awb-flex-wrap:wrap;\" ><div class=\"fusion-builder-row fusion-row fusion-flex-align-items-flex-start fusion-flex-content-wrap\" style=\"max-width:1248px;margin-left: calc(-4% \/ 2 );margin-right: calc(-4% \/ 2 );\"><div class=\"fusion-layout-column fusion_builder_column fusion-builder-column-10 fusion_builder_column_1_1 1_1 fusion-flex-column\" style=\"--awb-bg-size:cover;--awb-width-large:100%;--awb-margin-top-large:0px;--awb-spacing-right-large:1.92%;--awb-margin-bottom-large:20px;--awb-spacing-left-large:1.92%;--awb-width-medium:100%;--awb-order-medium:0;--awb-spacing-right-medium:1.92%;--awb-spacing-left-medium:1.92%;--awb-width-small:100%;--awb-order-small:0;--awb-spacing-right-small:1.92%;--awb-spacing-left-small:1.92%;\"><div class=\"fusion-column-wrapper fusion-column-has-shadow fusion-flex-justify-content-flex-start fusion-content-layout-column\"><div class=\"fusion-testimonials clean awb-speech-bubble-show fusion-testimonials-1\" style=\"--awb-textcolor:var(--awb-color6);--awb-backgroundcolor:#e8ebe2;--awb-testimonial-border-style:solid;--awb-testimonial-border-color:var(--awb-color3);--awb-border-top-left-radius:0px;--awb-border-top-right-radius:0px;--awb-border-bottom-left-radius:0px;--awb-border-bottom-right-radius:0px;--testimonial-border-width-top:0px;--testimonial-border-width-right:0px;--testimonial-border-width-bottom:0px;--testimonial-border-width-left:0px;\" data-random=\"1\" data-speed=\"10000\"><div class=\"reviews\"><div class=\"review active-testimonial avatar-above no-avatar\"><blockquote class=\"testimonials-shortcode-blockquote\"><div class=\"awb-quote\"><div class=\"awb-quote-content\">\n<p style=\"text-align: center;\">\u00ab\u2026 durch deine einf\u00fchlsame, wohlwollende und verst\u00e4ndnisvolle Art sahen wir in dieser schweren Zeit des Abschieds einen Lichtblick. Wir sind dankbar, dass wir durch deine unterst\u00fctzende Begleitung der Trauer Raum gegeben haben. Du hast uns geholfen, unsere Empfindungen zu sortieren und dabei Kraft zu finden.\u00a0Unser verstorbenes Kind hat f\u00fcr immer einen Platz in unseren Herzen.\u00a0Von Herzen Danke\u2026\u00bb<\/p>\n<p style=\"text-align: center;\"><strong>Simone und Philipp Sp\u00e4ni<\/strong><\/p>\n<\/div><\/div><\/blockquote><div class=\"author\"><span class=\"company-name\"><\/span><\/div><\/div><div class=\"review avatar-above no-avatar\"><blockquote class=\"testimonials-shortcode-blockquote\"><div class=\"awb-quote\"><div class=\"awb-quote-content\">\n<p style=\"text-align: center;\">\u00abNachdem wir aufgrund der Diagnose Trisomie 13 unsere Tocher in der 19. SSW gehen lassen mussten, stand uns Christine in der Zeit danach bei. Neben der medizinischen Nachsorge half uns vor allem ihre f\u00fcrsorgliche und einf\u00fchlsame Art, \u00fcber den schweren Verlust hinwegzukommen. Ein Jahr sp\u00e4ter durften wir unseren Sohn in den Armen halten und haben uns gefreut, dass uns Christine wieder betreut hat.\u00bb<\/p>\n<p style=\"text-align: center;\"><strong>Martina und Ivan aus Reichenburg<\/strong><\/p>\n<\/div><\/div><\/blockquote><div class=\"author\"><span class=\"company-name\"><\/span><\/div><\/div><div class=\"review avatar-above no-avatar\"><blockquote class=\"testimonials-shortcode-blockquote\"><div class=\"awb-quote\"><div class=\"awb-quote-content\">\n<p style=\"text-align: center;\">\u00abLiebe Christine, wir waren sehr froh, dass du in der speziellen Zeit an unserer Seite warst. Du hast uns in den schweren Situationen sehr liebevoll und vertraulich unterst\u00fctzt und begleitet. Daf\u00fcr sind wir dir dankbar und m\u00f6chten dich von Herzen weiterempfehlen.\u00bb<\/p>\n<p style=\"text-align: center;\"><strong>S.K und D.K aus Reichenburg<\/strong><\/p>\n<\/div><\/div><\/blockquote><div class=\"author\"><span class=\"company-name\"><\/span><\/div><\/div><div class=\"review avatar-above no-avatar\"><blockquote class=\"testimonials-shortcode-blockquote\"><div class=\"awb-quote\"><div class=\"awb-quote-content\">\n<p style=\"text-align: center;\">\u00abIn einer Zeit des absoluten Sturmes war Christine der ruhige Anker. Sie dachte an alle wichtigen Kleinigkeiten, die wir vergessen h\u00e4tten. Sie war uns eine grosse St\u00fctze auch nach der Geburt unseres toten Sohnes.\u00bb<\/p>\n<p style=\"text-align: center;\"><strong>Barbara aus Pf\u00e4ffikon<\/strong><\/p>\n<\/div><\/div><\/blockquote><div class=\"author\"><span class=\"company-name\"><\/span><\/div><\/div><div class=\"review avatar-above no-avatar\"><blockquote class=\"testimonials-shortcode-blockquote\"><div class=\"awb-quote\"><div class=\"awb-quote-content\">\n<p style=\"text-align: center;\">\u00abWir hatten in der 11. SSW eine Fehlgeburt, der Herzschlag unseres ersten Baby hat aufgeh\u00f6rt zu schlagen, was uns emotional und psychisch sehr\u00a0mitgenommen hat. Wir waren w\u00fctend, verletzt und f\u00fchlten uns mit der Situation \u00fcberfordert. Die Gespr\u00e4che mit Christine haben uns geholfen, die Situation besser zu verstehen und neue Hoffnung zu sch\u00f6pfen. Sie hatte f\u00fcr jedes Problem und Anliegen ein offenes Ohr. Wir f\u00fchlten uns verstanden und aufgehoben. Die Zeit war schwer und hat uns viel Energie und Trauer gekostet, durch Christine haben wir neue Hoffnung entwickelt und Vertrauen f\u00fcr eine n\u00e4chste Schwangerschaft gewonnen. Christine ist eine offene und empathische Frau und wir sind froh, dass sie uns in dieser schwierigen Zeit begleitet hat.\u00bb<\/p>\n<p style=\"text-align: center;\"><strong>Jasmin und Chris von Uznach<\/strong><\/p>\n<\/div><\/div><\/blockquote><div class=\"author\"><span class=\"company-name\"><\/span><\/div><\/div><\/div><\/div><\/div><\/div><\/div><\/div>\n<\/p>\n","protected":false},"excerpt":{"rendered":"","protected":false},"author":1,"featured_media":0,"parent":0,"menu_order":0,"comment_status":"closed","ping_status":"closed","template":"100-width.php","meta":{"footnotes":""},"class_list":["post-169","page","type-page","status-publish","hentry"],"_links":{"self":[{"href":"https:\/\/www.trauerkoffer.ch\/index.php\/wp-json\/wp\/v2\/pages\/169","targetHints":{"allow":["GET"]}}],"collection":[{"href":"https:\/\/www.trauerkoffer.ch\/index.php\/wp-json\/wp\/v2\/pages"}],"about":[{"href":"https:\/\/www.trauerkoffer.ch\/index.php\/wp-json\/wp\/v2\/types\/page"}],"author":[{"embeddable":true,"href":"https:\/\/www.trauerkoffer.ch\/index.php\/wp-json\/wp\/v2\/users\/1"}],"replies":[{"embeddable":true,"href":"https:\/\/www.trauerkoffer.ch\/index.php\/wp-json\/wp\/v2\/comments?post=169"}],"version-history":[{"count":24,"href":"https:\/\/www.trauerkoffer.ch\/index.php\/wp-json\/wp\/v2\/pages\/169\/revisions"}],"predecessor-version":[{"id":433,"href":"https:\/\/www.trauerkoffer.ch\/index.php\/wp-json\/wp\/v2\/pages\/169\/revisions\/433"}],"wp:attachment":[{"href":"https:\/\/www.trauerkoffer.ch\/index.php\/wp-json\/wp\/v2\/media?parent=169"}],"curies":[{"name":"wp","href":"https:\/\/api.w.org\/{rel}","templated":true}]}}