{"id":135,"date":"2023-02-17T11:01:18","date_gmt":"2023-02-17T10:01:18","guid":{"rendered":"https:\/\/www.trauerkoffer.ch\/?page_id=135"},"modified":"2023-03-16T13:23:15","modified_gmt":"2023-03-16T12:23:15","slug":"sternenkinder","status":"publish","type":"page","link":"https:\/\/www.trauerkoffer.ch\/index.php\/sternenkinder\/","title":{"rendered":"Trauer um Sternenkinder"},"content":{"rendered":"<p><div class=\"fusion-fullwidth fullwidth-box fusion-builder-row-1 fusion-flex-container has-pattern-background has-mask-background fusion-parallax-none nonhundred-percent-fullwidth non-hundred-percent-height-scrolling fusion-no-small-visibility\" style=\"--awb-border-radius-top-left:0px;--awb-border-radius-top-right:0px;--awb-border-radius-bottom-right:0px;--awb-border-radius-bottom-left:0px;--awb-margin-top:-60px;--awb-min-height:560px;--awb-background-image:url(&quot;https:\/\/www.trauerkoffer.ch\/wp-content\/uploads\/2023\/03\/Kind_Header_def-scaled.jpg&quot;);--awb-background-size:cover;--awb-flex-wrap:wrap;\" ><div class=\"fusion-builder-row fusion-row fusion-flex-align-items-flex-start fusion-flex-content-wrap\" style=\"max-width:1248px;margin-left: calc(-4% \/ 2 );margin-right: calc(-4% \/ 2 );\"><div class=\"fusion-layout-column fusion_builder_column fusion-builder-column-0 fusion_builder_column_1_1 1_1 fusion-flex-column fusion-flex-align-self-flex-start\" style=\"--awb-bg-size:cover;--awb-width-large:100%;--awb-margin-top-large:175px;--awb-spacing-right-large:1.92%;--awb-margin-bottom-large:20px;--awb-spacing-left-large:1.92%;--awb-width-medium:100%;--awb-order-medium:0;--awb-spacing-right-medium:1.92%;--awb-spacing-left-medium:1.92%;--awb-width-small:100%;--awb-order-small:0;--awb-spacing-right-small:1.92%;--awb-spacing-left-small:1.92%;\"><div class=\"fusion-column-wrapper fusion-column-has-shadow fusion-flex-justify-content-center fusion-content-layout-column\"><div class=\"fusion-title title fusion-title-1 fusion-sep-none fusion-title-text fusion-title-size-two\" style=\"--awb-margin-top-small:10px;--awb-margin-right-small:0px;--awb-margin-bottom-small:10px;--awb-margin-left-small:0px;\"><h2 class=\"fusion-title-heading title-heading-left\" style=\"margin:0;\"><p>Ich heisse Dich willkommen und gleichzeitig<br \/>\nmuss ich Abschied nehmen von Dir.<\/p><\/h2><\/div><div class=\"fusion-title title fusion-title-2 fusion-sep-none fusion-title-text fusion-title-size-four\" style=\"--awb-text-color:var(--awb-color5);--awb-margin-top-small:10px;--awb-margin-right-small:0px;--awb-margin-bottom-small:10px;--awb-margin-left-small:0px;\"><h4 class=\"fusion-title-heading title-heading-left\" style=\"margin:0;\">Unendlich ist der Schmerz \u00fcber ein Kind, das nicht bei uns bleiben kann.<\/h4><\/div><\/div><\/div><\/div><\/div><div class=\"fusion-fullwidth fullwidth-box fusion-builder-row-2 fusion-flex-container has-pattern-background has-mask-background fusion-parallax-none nonhundred-percent-fullwidth non-hundred-percent-height-scrolling fusion-no-small-visibility\" style=\"--awb-border-radius-top-left:0px;--awb-border-radius-top-right:0px;--awb-border-radius-bottom-right:0px;--awb-border-radius-bottom-left:0px;--awb-margin-top:-375px;--awb-margin-bottom:-280px;--awb-min-height:730px;--awb-background-image:url(&quot;https:\/\/www.trauerkoffer.ch\/wp-content\/uploads\/2023\/03\/Kreis.png&quot;);--awb-background-size:cover;--awb-flex-wrap:wrap;\" ><div class=\"fusion-builder-row fusion-row fusion-flex-align-items-flex-start fusion-flex-content-wrap\" style=\"max-width:1248px;margin-left: calc(-4% \/ 2 );margin-right: calc(-4% \/ 2 );\"><div class=\"fusion-layout-column fusion_builder_column fusion-builder-column-1 fusion_builder_column_1_1 1_1 fusion-flex-column fusion-flex-align-self-flex-start\" style=\"--awb-bg-size:cover;--awb-width-large:100%;--awb-margin-top-large:175px;--awb-spacing-right-large:1.92%;--awb-margin-bottom-large:20px;--awb-spacing-left-large:1.92%;--awb-width-medium:100%;--awb-order-medium:0;--awb-spacing-right-medium:1.92%;--awb-spacing-left-medium:1.92%;--awb-width-small:100%;--awb-order-small:0;--awb-spacing-right-small:1.92%;--awb-spacing-left-small:1.92%;\"><div class=\"fusion-column-wrapper fusion-column-has-shadow fusion-flex-justify-content-center fusion-content-layout-column\"><\/div><\/div><\/div><\/div>\n<div class=\"fusion-fullwidth fullwidth-box fusion-builder-row-3 fusion-flex-container has-pattern-background has-mask-background fusion-parallax-none hundred-percent-fullwidth non-hundred-percent-height-scrolling fusion-no-medium-visibility fusion-no-large-visibility\" style=\"--awb-border-radius-top-left:0px;--awb-border-radius-top-right:0px;--awb-border-radius-bottom-right:0px;--awb-border-radius-bottom-left:0px;--awb-margin-top:-100px;--awb-min-height:300px;--awb-background-image:url(&quot;https:\/\/www.trauerkoffer.ch\/wp-content\/uploads\/2023\/03\/Kind_Header_mobile_def.jpg&quot;);--awb-background-size:cover;--awb-flex-wrap:wrap;\" ><div class=\"fusion-builder-row fusion-row fusion-flex-align-items-flex-start fusion-flex-content-wrap\" style=\"width:104% !important;max-width:104% !important;margin-left: calc(-4% \/ 2 );margin-right: calc(-4% \/ 2 );\"><div class=\"fusion-layout-column fusion_builder_column fusion-builder-column-2 fusion_builder_column_1_1 1_1 fusion-flex-column\" style=\"--awb-bg-size:cover;--awb-width-large:100%;--awb-margin-top-large:0px;--awb-spacing-right-large:1.92%;--awb-margin-bottom-large:20px;--awb-spacing-left-large:1.92%;--awb-width-medium:100%;--awb-order-medium:0;--awb-spacing-right-medium:1.92%;--awb-spacing-left-medium:1.92%;--awb-width-small:100%;--awb-order-small:0;--awb-spacing-right-small:1.92%;--awb-spacing-left-small:1.92%;\"><div class=\"fusion-column-wrapper fusion-column-has-shadow fusion-flex-justify-content-flex-start fusion-content-layout-column\"><\/div><\/div><\/div><\/div><div class=\"fusion-fullwidth fullwidth-box fusion-builder-row-4 fusion-flex-container has-pattern-background has-mask-background fusion-parallax-none hundred-percent-fullwidth non-hundred-percent-height-scrolling fusion-no-medium-visibility fusion-no-large-visibility\" style=\"--awb-border-radius-top-left:0px;--awb-border-radius-top-right:0px;--awb-border-radius-bottom-right:0px;--awb-border-radius-bottom-left:0px;--awb-margin-top:-170px;--awb-min-height:225px;--awb-background-image:url(&quot;https:\/\/www.trauerkoffer.ch\/wp-content\/uploads\/2023\/03\/Kreis_mobile.png&quot;);--awb-background-size:cover;--awb-flex-wrap:wrap;\" ><div class=\"fusion-builder-row fusion-row fusion-flex-align-items-flex-start fusion-flex-content-wrap\" style=\"width:104% !important;max-width:104% !important;margin-left: calc(-4% \/ 2 );margin-right: calc(-4% \/ 2 );\"><div class=\"fusion-layout-column fusion_builder_column fusion-builder-column-3 fusion_builder_column_1_1 1_1 fusion-flex-column\" style=\"--awb-bg-size:cover;--awb-width-large:100%;--awb-margin-top-large:0px;--awb-spacing-right-large:1.92%;--awb-margin-bottom-large:20px;--awb-spacing-left-large:1.92%;--awb-width-medium:100%;--awb-order-medium:0;--awb-spacing-right-medium:1.92%;--awb-spacing-left-medium:1.92%;--awb-width-small:100%;--awb-order-small:0;--awb-spacing-right-small:1.92%;--awb-spacing-left-small:1.92%;\"><div class=\"fusion-column-wrapper fusion-column-has-shadow fusion-flex-justify-content-flex-start fusion-content-layout-column\"><\/div><\/div><\/div><\/div>\n<div class=\"fusion-fullwidth fullwidth-box fusion-builder-row-5 fusion-flex-container has-pattern-background has-mask-background nonhundred-percent-fullwidth non-hundred-percent-height-scrolling fusion-no-medium-visibility fusion-no-large-visibility\" style=\"--awb-border-radius-top-left:0px;--awb-border-radius-top-right:0px;--awb-border-radius-bottom-right:0px;--awb-border-radius-bottom-left:0px;--awb-margin-top:-180px;--awb-flex-wrap:wrap;\" ><div class=\"fusion-builder-row fusion-row fusion-flex-align-items-flex-start fusion-flex-content-wrap\" style=\"max-width:1248px;margin-left: calc(-4% \/ 2 );margin-right: calc(-4% \/ 2 );\"><div class=\"fusion-layout-column fusion_builder_column fusion-builder-column-4 fusion_builder_column_1_1 1_1 fusion-flex-column fusion-flex-align-self-flex-start\" style=\"--awb-bg-size:cover;--awb-width-large:100%;--awb-margin-top-large:175px;--awb-spacing-right-large:1.92%;--awb-margin-bottom-large:20px;--awb-spacing-left-large:1.92%;--awb-width-medium:100%;--awb-order-medium:0;--awb-spacing-right-medium:1.92%;--awb-spacing-left-medium:1.92%;--awb-width-small:100%;--awb-order-small:0;--awb-spacing-right-small:1.92%;--awb-spacing-left-small:1.92%;\"><div class=\"fusion-column-wrapper fusion-column-has-shadow fusion-flex-justify-content-center fusion-content-layout-column\"><div class=\"fusion-title title fusion-title-3 fusion-sep-none fusion-title-text fusion-title-size-three\" style=\"--awb-text-color:var(--awb-color6);--awb-margin-top-small:10px;--awb-margin-right-small:0px;--awb-margin-bottom-small:10px;--awb-margin-left-small:0px;\"><h3 class=\"fusion-title-heading title-heading-left\" style=\"margin:0;\">Ich heisse Dich willkommen und gleichzeitig\u00a0muss ich Abschied nehmen von Dir.<\/h3><\/div><div class=\"fusion-title title fusion-title-4 fusion-sep-none fusion-title-text fusion-title-size-four\" style=\"--awb-text-color:var(--awb-color5);--awb-margin-top-small:10px;--awb-margin-right-small:0px;--awb-margin-bottom-small:10px;--awb-margin-left-small:0px;\"><h4 class=\"fusion-title-heading title-heading-left\" style=\"margin:0;\">Unendlich ist der Schmerz \u00fcber ein Kind, das nicht bei uns bleiben kann.<\/h4><\/div><\/div><\/div><\/div><\/div><div class=\"fusion-fullwidth fullwidth-box fusion-builder-row-6 fusion-flex-container has-pattern-background has-mask-background nonhundred-percent-fullwidth non-hundred-percent-height-scrolling\" style=\"--awb-border-radius-top-left:0px;--awb-border-radius-top-right:0px;--awb-border-radius-bottom-right:0px;--awb-border-radius-bottom-left:0px;--awb-flex-wrap:wrap;\" ><div class=\"fusion-builder-row fusion-row fusion-flex-align-items-flex-start fusion-flex-content-wrap\" style=\"max-width:1248px;margin-left: calc(-4% \/ 2 );margin-right: calc(-4% \/ 2 );\"><div class=\"fusion-layout-column fusion_builder_column fusion-builder-column-5 fusion_builder_column_2_3 2_3 fusion-flex-column\" style=\"--awb-bg-size:cover;--awb-width-large:66.666666666667%;--awb-margin-top-large:0px;--awb-spacing-right-large:2.88%;--awb-margin-bottom-large:20px;--awb-spacing-left-large:2.88%;--awb-width-medium:66.666666666667%;--awb-order-medium:0;--awb-spacing-right-medium:2.88%;--awb-spacing-left-medium:2.88%;--awb-width-small:100%;--awb-order-small:0;--awb-spacing-right-small:1.92%;--awb-spacing-left-small:1.92%;\"><div class=\"fusion-column-wrapper fusion-column-has-shadow fusion-flex-justify-content-flex-start fusion-content-layout-column\"><div class=\"fusion-title title fusion-title-5 fusion-sep-none fusion-title-text fusion-title-size-four\" style=\"--awb-text-color:var(--awb-color5);--awb-margin-top-small:10px;--awb-margin-right-small:0px;--awb-margin-bottom-small:10px;--awb-margin-left-small:0px;\"><h4 class=\"fusion-title-heading title-heading-left\" style=\"margin:0;\">Ein Kind in der Schwangerschaft, w\u00e4hrend der Geburt oder kurz danach zu verlieren, ist ein Schock.<\/h4><\/div><div class=\"fusion-text fusion-text-1\"><p>Ein Leben das zu leben begann und kurz darauf stirbt, das ist f\u00fcr werdende Eltern ein sehr einschneidendes Erlebnis. Vielleicht hat noch niemand von der Schwangerschaft erfahren, vielleicht hat man den Bauch noch nicht wachsen sehen. Vielleicht haben Sie bereits Bewegungen von Ihrem Kind gesp\u00fcrt und nun ist das Baby tot im Bauch. Es ist m\u00f6glich, dass Sie eine Diagnose f\u00fcr Ihr Baby erhalten haben und nicht verstehen, worum es geht.<\/p>\n<p>Noch immer ist es ein Tabu-Thema, es wird nicht dar\u00fcber geredet. Oft h\u00f6ren Eltern S\u00e4tze wie: \u00abes war ja noch so klein\u00bb, \u00abbestimmt hat die Natur richtig entschieden\u00bb, \u00abes war sicher etwas nicht in Ordnung\u00bb, \u00abdu bist ja noch jung\u00bb, \u00abdas n\u00e4chste mal klappts bestimmt\u00bb.\u00a0Solche S\u00e4tze tun weh, sind verletzend und mindern den Schmerz nicht.<\/p>\n<p>Behutsam und liebevoll reden wir \u00fcbers verstorbene Kind, wir geben ihm eine Identit\u00e4t.\u00a0Gerne helfe und begleite ich Ihnen beim Abschied nehmen.\u00a0Ich bringe reichlich Erfahrungen mit in Bezug auf rechtliche Hilfen, M\u00f6glichkeiten von Bestattungen, auch wenn die Kinder noch sehr klein sind.\u00a0Ich bin in engem Kontakt mit Seelsorgen, Pfarr\u00e4mtern, Friedhofsg\u00e4rtner und anderen wichtigen Institutionen.<\/p>\n<p>Ich bin f\u00fcr Sie da, nehmen Sie Kontakt mit mir auf.<\/p>\n<\/div><div class=\"fusion-title title fusion-title-6 fusion-sep-none fusion-title-text fusion-title-size-four\" style=\"--awb-text-color:var(--awb-color5);--awb-margin-top:20px;--awb-margin-bottom:-5px;--awb-margin-top-small:10px;--awb-margin-right-small:0px;--awb-margin-bottom-small:10px;--awb-margin-left-small:0px;\"><h4 class=\"fusion-title-heading title-heading-left\" style=\"margin:0;\">Andere Gr\u00fcnde mit mir in Kontakt zu treten<\/h4><\/div><div class=\"fusion-text fusion-text-2\" style=\"--awb-font-size:17px;\"><ul>\n<li>Beratung, nachdem Sie erfahren haben, dass Ihr Kind gestorben ist, sterben wird oder mit schweren Beeintr\u00e4chtigungen leben wird.<\/li>\n<li>Beratung bei schwierigen Entscheidungen und Diagnosen<\/li>\n<li>Begleitung bei der stillen Geburt zuhause und nach Fehlgeburt<\/li>\n<li>Gestaltung der verbleibenden Zeit mit Ihrem Kind<\/li>\n<li>Wochenbettbegleitung zuhause f\u00fcr Sie als verwaiste Mutter<\/li>\n<li>Trauerbegleitung f\u00fcr die ganze Familie<\/li>\n<li>Begleitung w\u00e4hrend einer n\u00e4chsten Schwangerschaft<\/li>\n<li>Begleitung bei Kinderwunsch nach dem Verlust eines Kindes<\/li>\n<li>Beratung, auch wenn der Verlust des Kindes bereits l\u00e4nger zur\u00fcck liegt<\/li>\n<\/ul>\n<\/div><div class=\"fusion-text fusion-text-3\" style=\"--awb-font-size:12px;--awb-margin-top:40px;\"><p><span style=\"font-weight: 400;\">Selbstverst\u00e4ndlich unterliege ich der Schweigepflicht und dem Datenschutz.<br \/>\nJeder Kontakt wird vertraulich behandelt und nicht an Dritte weitergegeben.<\/span><\/p>\n<\/div><\/div><\/div><\/div><\/div><div class=\"fusion-fullwidth fullwidth-box fusion-builder-row-7 fusion-flex-container has-pattern-background has-mask-background nonhundred-percent-fullwidth non-hundred-percent-height-scrolling\" style=\"--awb-border-radius-top-left:0px;--awb-border-radius-top-right:0px;--awb-border-radius-bottom-right:0px;--awb-border-radius-bottom-left:0px;--awb-margin-top:40px;--awb-margin-bottom:-60px;--awb-background-color:#e8ebe2;--awb-flex-wrap:wrap;\" ><div class=\"fusion-builder-row fusion-row fusion-flex-align-items-flex-start fusion-flex-content-wrap\" style=\"max-width:1248px;margin-left: calc(-4% \/ 2 );margin-right: calc(-4% \/ 2 );\"><div class=\"fusion-layout-column fusion_builder_column fusion-builder-column-6 fusion_builder_column_1_1 1_1 fusion-flex-column\" style=\"--awb-bg-size:cover;--awb-width-large:100%;--awb-margin-top-large:0px;--awb-spacing-right-large:1.92%;--awb-margin-bottom-large:20px;--awb-spacing-left-large:1.92%;--awb-width-medium:100%;--awb-order-medium:0;--awb-spacing-right-medium:1.92%;--awb-spacing-left-medium:1.92%;--awb-width-small:100%;--awb-order-small:0;--awb-spacing-right-small:1.92%;--awb-spacing-left-small:1.92%;\"><div class=\"fusion-column-wrapper fusion-column-has-shadow fusion-flex-justify-content-flex-start fusion-content-layout-column\"><div class=\"fusion-testimonials clean awb-speech-bubble-show fusion-testimonials-1\" style=\"--awb-textcolor:var(--awb-color6);--awb-backgroundcolor:#e8ebe2;--awb-testimonial-border-style:solid;--awb-testimonial-border-color:var(--awb-color3);--awb-border-top-left-radius:0px;--awb-border-top-right-radius:0px;--awb-border-bottom-left-radius:0px;--awb-border-bottom-right-radius:0px;--testimonial-border-width-top:0px;--testimonial-border-width-right:0px;--testimonial-border-width-bottom:0px;--testimonial-border-width-left:0px;\" data-random=\"1\" data-speed=\"10000\"><div class=\"reviews\"><div class=\"review active-testimonial avatar-above no-avatar\"><blockquote class=\"testimonials-shortcode-blockquote\"><div class=\"awb-quote\"><div class=\"awb-quote-content\">\n<p style=\"text-align: center;\">\u00ab\u2026 durch deine einf\u00fchlsame, wohlwollende und verst\u00e4ndnisvolle Art sahen wir in dieser schweren Zeit des Abschieds einen Lichtblick. Wir sind dankbar, dass wir durch deine unterst\u00fctzende Begleitung der Trauer Raum gegeben haben. Du hast uns geholfen, unsere Empfindungen zu sortieren und dabei Kraft zu finden.\u00a0Unser verstorbenes Kind hat f\u00fcr immer einen Platz in unseren Herzen.\u00a0Von Herzen Danke\u2026\u00bb<\/p>\n<p style=\"text-align: center;\"><strong>Simone und Philipp Sp\u00e4ni<\/strong><\/p>\n<\/div><\/div><\/blockquote><div class=\"author\"><span class=\"company-name\"><\/span><\/div><\/div><div class=\"review avatar-above no-avatar\"><blockquote class=\"testimonials-shortcode-blockquote\"><div class=\"awb-quote\"><div class=\"awb-quote-content\">\n<p style=\"text-align: center;\">\u00abNachdem wir aufgrund der Diagnose Trisomie 13 unsere Tocher in der 19. SSW gehen lassen mussten, stand uns Christine in der Zeit danach bei. Neben der medizinischen Nachsorge half uns vor allem ihre f\u00fcrsorgliche und einf\u00fchlsame Art, \u00fcber den schweren Verlust hinwegzukommen. Ein Jahr sp\u00e4ter durften wir unseren Sohn in den Armen halten und haben uns gefreut, dass uns Christine wieder betreut hat.\u00bb<\/p>\n<p style=\"text-align: center;\"><strong>Martina und Ivan aus Reichenburg<\/strong><\/p>\n<\/div><\/div><\/blockquote><div class=\"author\"><span class=\"company-name\"><\/span><\/div><\/div><div class=\"review avatar-above no-avatar\"><blockquote class=\"testimonials-shortcode-blockquote\"><div class=\"awb-quote\"><div class=\"awb-quote-content\">\n<p style=\"text-align: center;\">\u00abIn einer Zeit des absoluten Sturmes war Christine der ruhige Anker. Sie dachte an alle wichtigen Kleinigkeiten, die wir vergessen h\u00e4tten. Sie war uns eine grosse St\u00fctze auch nach der Geburt unseres toten Sohnes.\u00bb<\/p>\n<p style=\"text-align: center;\"><strong>Barbara aus Pf\u00e4ffikon<\/strong><\/p>\n<\/div><\/div><\/blockquote><div class=\"author\"><span class=\"company-name\"><\/span><\/div><\/div><div class=\"review avatar-above no-avatar\"><blockquote class=\"testimonials-shortcode-blockquote\"><div class=\"awb-quote\"><div class=\"awb-quote-content\">\n<p style=\"text-align: center;\">\u00abWir hatten in der 11. SSW eine Fehlgeburt, der Herzschlag unseres ersten Baby hat aufgeh\u00f6rt zu schlagen, was uns emotional und psychisch sehr\u00a0mitgenommen hat. Wir waren w\u00fctend, verletzt und f\u00fchlten uns mit der Situation \u00fcberfordert. Die Gespr\u00e4che mit Christine haben uns geholfen, die Situation besser zu verstehen und neue Hoffnung zu sch\u00f6pfen. Sie hatte f\u00fcr jedes Problem und Anliegen ein offenes Ohr. Wir f\u00fchlten uns verstanden und aufgehoben. Die Zeit war schwer und hat uns viel Energie und Trauer gekostet, durch Christine haben wir neue Hoffnung entwickelt und Vertrauen f\u00fcr eine n\u00e4chste Schwangerschaft gewonnen. Christine ist eine offene und empathische Frau und wir sind froh, dass sie uns in dieser schwierigen Zeit begleitet hat.\u00bb<\/p>\n<p style=\"text-align: center;\"><strong>Jasmin und Chris von Uznach<\/strong><\/p>\n<\/div><\/div><\/blockquote><div class=\"author\"><span class=\"company-name\"><\/span><\/div><\/div><div class=\"review avatar-above no-avatar\"><blockquote class=\"testimonials-shortcode-blockquote\"><div class=\"awb-quote\"><div class=\"awb-quote-content\">\n<p style=\"text-align: center;\">\u00abLiebe Christine, wir waren sehr froh, dass du in der speziellen Zeit an unserer Seite warst. Du hast uns in den schweren Situationen sehr liebevoll und vertraulich unterst\u00fctzt und begleitet. Daf\u00fcr sind wir dir dankbar und m\u00f6chten dich von Herzen weiterempfehlen.\u00bb<\/p>\n<p style=\"text-align: center;\"><strong>S.K und D.K aus Reichenburg<\/strong><\/p>\n<\/div><\/div><\/blockquote><div class=\"author\"><span class=\"company-name\"><\/span><\/div><\/div><\/div><\/div><\/div><\/div><\/div><\/div>\n<\/p>\n","protected":false},"excerpt":{"rendered":"","protected":false},"author":1,"featured_media":0,"parent":0,"menu_order":0,"comment_status":"closed","ping_status":"closed","template":"100-width.php","meta":{"footnotes":""},"class_list":["post-135","page","type-page","status-publish","hentry"],"_links":{"self":[{"href":"https:\/\/www.trauerkoffer.ch\/index.php\/wp-json\/wp\/v2\/pages\/135","targetHints":{"allow":["GET"]}}],"collection":[{"href":"https:\/\/www.trauerkoffer.ch\/index.php\/wp-json\/wp\/v2\/pages"}],"about":[{"href":"https:\/\/www.trauerkoffer.ch\/index.php\/wp-json\/wp\/v2\/types\/page"}],"author":[{"embeddable":true,"href":"https:\/\/www.trauerkoffer.ch\/index.php\/wp-json\/wp\/v2\/users\/1"}],"replies":[{"embeddable":true,"href":"https:\/\/www.trauerkoffer.ch\/index.php\/wp-json\/wp\/v2\/comments?post=135"}],"version-history":[{"count":34,"href":"https:\/\/www.trauerkoffer.ch\/index.php\/wp-json\/wp\/v2\/pages\/135\/revisions"}],"predecessor-version":[{"id":431,"href":"https:\/\/www.trauerkoffer.ch\/index.php\/wp-json\/wp\/v2\/pages\/135\/revisions\/431"}],"wp:attachment":[{"href":"https:\/\/www.trauerkoffer.ch\/index.php\/wp-json\/wp\/v2\/media?parent=135"}],"curies":[{"name":"wp","href":"https:\/\/api.w.org\/{rel}","templated":true}]}}